{"id":3573,"date":"2017-01-16T14:36:51","date_gmt":"2017-01-16T13:36:51","guid":{"rendered":"https:\/\/demo.qantumthemes.xyz\/onair2\/demo4\/blog-slideshow\/"},"modified":"2024-04-03T22:52:49","modified_gmt":"2024-04-03T22:52:49","slug":"blog-slideshow","status":"publish","type":"page","link":"https:\/\/radioformulamega.com\/index.php\/blog-slideshow\/","title":{"rendered":"Blog with slideshow"},"content":{"rendered":"\t\t<div data-elementor-type=\"wp-page\" data-elementor-id=\"3573\" class=\"elementor elementor-3573\">\n\t\t\t\t\t\t<section class=\"elementor-section elementor-top-section elementor-element elementor-element-629a5eb elementor-section-full_width elementor-section-height-default elementor-section-height-default\" data-id=\"629a5eb\" data-element_type=\"section\" data-e-type=\"section\" data-settings=\"{&quot;background_background&quot;:&quot;classic&quot;}\">\n\t\t\t\t\t\t<div class=\"elementor-container elementor-column-gap-default\">\n\t\t\t\t\t<div class=\"elementor-column elementor-col-100 elementor-top-column elementor-element elementor-element-ae31aca\" data-id=\"ae31aca\" data-element_type=\"column\" data-e-type=\"column\">\n\t\t\t<div class=\"elementor-widget-wrap elementor-element-populated\">\n\t\t\t\t\t\t<div class=\"elementor-element elementor-element-ea121a9 elementor-widget elementor-widget-onair-elementor-post-slider\" data-id=\"ea121a9\" data-element_type=\"widget\" data-e-type=\"widget\" data-widget_type=\"onair-elementor-post-slider.default\">\n\t\t\t\t<div class=\"elementor-widget-container\">\n\t\t\t\t\t\t\t\n\t\t<div class=\"qt-slickslider-container\">\n\t\t\t<div class=\"qt-slickslider qt-invisible qt-animated qt-slickslider-single qt-black-bg\" data-variablewidth=\"true\" data-arrows=\"true\" data-dots=\"true\" data-infinite=\"true\" data-centermode=\"true\" data-pauseonhover=\"true\" data-autoplay=\"true\" data-arrowsmobile=\"false\" data-centermodemobile=\"true\" data-dotsmobile=\"true\" data-variablewidthmobile=\"true\">\n\t\t\t\t\t\t\t\t\t<div class=\"qt-slick-opacity-fx qt-item\">\n\t\t\t\t\t\t<!-- POST HERO ITEM ========================= -->\n<div class=\"qt-part-archive-item qt-part-item-post-hero\">\n\t<div class=\"qt-item-header\">\n\t\t<div class=\"qt-header-top\">\n\t\t\t<div class=\"qt-feedback\">\n\t    \t\t1<i class=\"dripicons-heart\"><\/i>\t    \t<\/div>\n\t    <\/div>\n\t\t<div class=\"qt-header-mid qt-vc\">\n\t\t\t<div class=\"qt-vi\">\n\t\t\t\t<ul class=\"qt-tags\">\n\t\t\t\t\t<li>\n\t\t\t\t\t\t<a href=\"https:\/\/radioformulamega.com\/index.php\/category\/events\/\" rel=\"category tag\">Events<\/a><\/li><li><a href=\"https:\/\/radioformulamega.com\/index.php\/category\/news\/\" rel=\"category tag\">News<\/a>\t\t\t\t\t<\/li>\n\t\t\t\t<\/ul>\n\t\t  \t\t<h2 class=\"qt-title\">\n\t\t\t\t\t<a href=\"https:\/\/radioformulamega.com\/index.php\/2025\/07\/15\/eventos-en-marbella-2025-guia-util\/\" class=\"qt-text-shadow qt-ellipsis-2 qt-t\">\n\t\t\t\t\t\tEventos en Marbella 2025: la gu\u00eda \u00fatil de Radio F\u00f3rmula Mega &#038; TeVienes\t\t\t\t\t<\/a>\n\t\t\t\t<\/h2>\n\t\t\t\t<div class=\"qt-the-content qt-spacer-s small hide-on-med-and-down \">\n\t\t\t\t\t<p class=\"qt-spacer-s qt-text-shadow small qt-ellipsis-2\">\n\t\t\t\t\t\u00bfBuscas planes en Marbella que vayan m\u00e1s all\u00e1 de las t\u00edpicas gu\u00edas tur\u00edsticas? Est\u00e1s en el sitio correcto. Radio F\u00f3rmula Mega se une a TeVienes.com para traerte la agenda definitiva de eventos en Marbella, actualizada y con reservas en un clic. Por qu\u00e9 Marbella es LA capital de los eventos Clima estable todo el a\u00f1o [&hellip;]\t\t\t\t\t<\/p>\n\t\t\t\t\t<p><a href=\"https:\/\/radioformulamega.com\/index.php\/2025\/07\/15\/eventos-en-marbella-2025-guia-util\/\" class=\"qt-btn qt-btn-l qt-btn-primary \"><i class=\"dripicons-align-justify\"><\/i><\/a><\/p>\n\t\t\t\t<\/div>\n\t\t\t<\/div>\n\t\t<\/div>\n\t\t\t<\/div>\n<\/div>\n<!-- POST HERO ITEM END ========================= -->\n\t\t\t\t\t<\/div>\n\t\t\t\t\t\t\t\t\t\t<div class=\"qt-slick-opacity-fx qt-item\">\n\t\t\t\t\t\t<!-- POST HERO ITEM ========================= -->\n<div class=\"qt-part-archive-item qt-part-item-post-hero\">\n\t<div class=\"qt-item-header\">\n\t\t<div class=\"qt-header-top\">\n\t\t\t<div class=\"qt-feedback\">\n\t    \t\t0<i class=\"dripicons-heart\"><\/i>\t    \t<\/div>\n\t    <\/div>\n\t\t<div class=\"qt-header-mid qt-vc\">\n\t\t\t<div class=\"qt-vi\">\n\t\t\t\t<ul class=\"qt-tags\">\n\t\t\t\t\t<li>\n\t\t\t\t\t\t<a href=\"https:\/\/radioformulamega.com\/index.php\/category\/uncategorized\/\" rel=\"category tag\">Uncategorized<\/a>\t\t\t\t\t<\/li>\n\t\t\t\t<\/ul>\n\t\t  \t\t<h2 class=\"qt-title\">\n\t\t\t\t\t<a href=\"https:\/\/radioformulamega.com\/index.php\/2024\/04\/03\/hello-world\/\" class=\"qt-text-shadow qt-ellipsis-2 qt-t\">\n\t\t\t\t\t\tHello world!\t\t\t\t\t<\/a>\n\t\t\t\t<\/h2>\n\t\t\t\t<div class=\"qt-the-content qt-spacer-s small hide-on-med-and-down \">\n\t\t\t\t\t<p class=\"qt-spacer-s qt-text-shadow small qt-ellipsis-2\">\n\t\t\t\t\tWelcome to WordPress. This is your first post. Edit or delete it, then start writing!\t\t\t\t\t<\/p>\n\t\t\t\t\t<p><a href=\"https:\/\/radioformulamega.com\/index.php\/2024\/04\/03\/hello-world\/\" class=\"qt-btn qt-btn-l qt-btn-primary \"><i class=\"dripicons-align-justify\"><\/i><\/a><\/p>\n\t\t\t\t<\/div>\n\t\t\t<\/div>\n\t\t<\/div>\n\t\t\t<\/div>\n<\/div>\n<!-- POST HERO ITEM END ========================= -->\n\t\t\t\t\t<\/div>\n\t\t\t\t\t\t\t\t\t\t<div class=\"qt-slick-opacity-fx qt-item\">\n\t\t\t\t\t\t<!-- POST HERO ITEM ========================= -->\n<div class=\"qt-part-archive-item qt-part-item-post-hero\">\n\t<div class=\"qt-item-header\">\n\t\t<div class=\"qt-header-top\">\n\t\t\t<div class=\"qt-feedback\">\n\t    \t\t19<i class=\"dripicons-heart\"><\/i>\t    \t<\/div>\n\t    <\/div>\n\t\t<div class=\"qt-header-mid qt-vc\">\n\t\t\t<div class=\"qt-vi\">\n\t\t\t\t<ul class=\"qt-tags\">\n\t\t\t\t\t<li>\n\t\t\t\t\t\t<a href=\"https:\/\/radioformulamega.com\/index.php\/category\/events\/\" rel=\"category tag\">Events<\/a><\/li><li><a href=\"https:\/\/radioformulamega.com\/index.php\/category\/news\/\" rel=\"category tag\">News<\/a><\/li><li><a href=\"https:\/\/radioformulamega.com\/index.php\/category\/post-format\/\" rel=\"category tag\">Post format<\/a><\/li><li><a href=\"https:\/\/radioformulamega.com\/index.php\/category\/world\/\" rel=\"category tag\">World<\/a>\t\t\t\t\t<\/li>\n\t\t\t\t<\/ul>\n\t\t  \t\t<h2 class=\"qt-title\">\n\t\t\t\t\t<a href=\"https:\/\/radioformulamega.com\/index.php\/2022\/11\/01\/the-subways-tour-diary-days-6-10\/\" class=\"qt-text-shadow qt-ellipsis-2 qt-t\">\n\t\t\t\t\t\tThe Subways Tour Diary: Days 6-10 the adventure continues\t\t\t\t\t<\/a>\n\t\t\t\t<\/h2>\n\t\t\t\t<div class=\"qt-the-content qt-spacer-s small hide-on-med-and-down \">\n\t\t\t\t\t<p class=\"qt-spacer-s qt-text-shadow small qt-ellipsis-2\">\n\t\t\t\t\tThe Subways were kind enough to chronicle their North American tour for us, and we\u2019ll be running their tour diary in several installments this week. Billy Lunn will be our guide, and as he writes, \u201cBecause so much usually ends up happening on our tours, we thought that this time round, whilst we\u2019re on our [&hellip;]\t\t\t\t\t<\/p>\n\t\t\t\t\t<p><a href=\"https:\/\/radioformulamega.com\/index.php\/2022\/11\/01\/the-subways-tour-diary-days-6-10\/\" class=\"qt-btn qt-btn-l qt-btn-primary \"><i class=\"dripicons-align-justify\"><\/i><\/a><\/p>\n\t\t\t\t<\/div>\n\t\t\t<\/div>\n\t\t<\/div>\n\t\t\t        <div class=\"qt-header-bg\" data-bgimage=\"https:\/\/radioformulamega.com\/wp-content\/uploads\/2022\/11\/ONAIR-DEMO-NEWS-1.jpg\">\n\t            <img fetchpriority=\"high\" decoding=\"async\" width=\"1024\" height=\"539\" src=\"https:\/\/radioformulamega.com\/wp-content\/uploads\/2022\/11\/ONAIR-DEMO-NEWS-1.jpg\" class=\"img-responsive activator wp-post-image\" alt=\"\" \/>\t        <\/div>\n     \t\t<\/div>\n<\/div>\n<!-- POST HERO ITEM END ========================= -->\n\t\t\t\t\t<\/div>\n\t\t\t\t\t\t\t\t\t\t<div class=\"qt-slick-opacity-fx qt-item\">\n\t\t\t\t\t\t<!-- POST HERO ITEM ========================= -->\n<div class=\"qt-part-archive-item qt-part-item-post-hero\">\n\t<div class=\"qt-item-header\">\n\t\t<div class=\"qt-header-top\">\n\t\t\t<div class=\"qt-feedback\">\n\t    \t\t40<i class=\"dripicons-heart\"><\/i>\t    \t<\/div>\n\t    <\/div>\n\t\t<div class=\"qt-header-mid qt-vc\">\n\t\t\t<div class=\"qt-vi\">\n\t\t\t\t<ul class=\"qt-tags\">\n\t\t\t\t\t<li>\n\t\t\t\t\t\t<a href=\"https:\/\/radioformulamega.com\/index.php\/category\/video-stories\/\" rel=\"category tag\">Video stories<\/a>\t\t\t\t\t<\/li>\n\t\t\t\t<\/ul>\n\t\t  \t\t<h2 class=\"qt-title\">\n\t\t\t\t\t<a href=\"https:\/\/radioformulamega.com\/index.php\/2022\/11\/01\/is-music-the-key-to-success-2\/\" class=\"qt-text-shadow qt-ellipsis-2 qt-t\">\n\t\t\t\t\t\tLiving in New York as a musician of the Opera&#8217;s Grand Theatre\t\t\t\t\t<\/a>\n\t\t\t\t<\/h2>\n\t\t\t\t<div class=\"qt-the-content qt-spacer-s small hide-on-med-and-down \">\n\t\t\t\t\t<p class=\"qt-spacer-s qt-text-shadow small qt-ellipsis-2\">\n\t\t\t\t\tMultiple studies link music study to academic achievement. But what is it about serious music training that seems to correlate with outsize success in other fields? The connection isn\u2019t a coincidence. I know because I asked. I put the question to top-flight professionals in industries from tech to finance to media, all of whom had [&hellip;]\t\t\t\t\t<\/p>\n\t\t\t\t\t<p><a href=\"https:\/\/radioformulamega.com\/index.php\/2022\/11\/01\/is-music-the-key-to-success-2\/\" class=\"qt-btn qt-btn-l qt-btn-primary \"><i class=\"dripicons-align-justify\"><\/i><\/a><\/p>\n\t\t\t\t<\/div>\n\t\t\t<\/div>\n\t\t<\/div>\n\t\t\t        <div class=\"qt-header-bg\" data-bgimage=\"https:\/\/radioformulamega.com\/wp-content\/uploads\/2022\/11\/ONAIR-DEMO-NEWS-2.jpg\">\n\t            <img decoding=\"async\" width=\"1024\" height=\"539\" src=\"https:\/\/radioformulamega.com\/wp-content\/uploads\/2022\/11\/ONAIR-DEMO-NEWS-2.jpg\" class=\"img-responsive activator wp-post-image\" alt=\"\" \/>\t        <\/div>\n     \t\t<\/div>\n<\/div>\n<!-- POST HERO ITEM END ========================= -->\n\t\t\t\t\t<\/div>\n\t\t\t\t\t\t\t\t\t\t<div class=\"qt-slick-opacity-fx qt-item\">\n\t\t\t\t\t\t<!-- POST HERO ITEM ========================= -->\n<div class=\"qt-part-archive-item qt-part-item-post-hero\">\n\t<div class=\"qt-item-header\">\n\t\t<div class=\"qt-header-top\">\n\t\t\t<div class=\"qt-feedback\">\n\t    \t\t87<i class=\"dripicons-heart\"><\/i>\t    \t<\/div>\n\t    <\/div>\n\t\t<div class=\"qt-header-mid qt-vc\">\n\t\t\t<div class=\"qt-vi\">\n\t\t\t\t<ul class=\"qt-tags\">\n\t\t\t\t\t<li>\n\t\t\t\t\t\t<a href=\"https:\/\/radioformulamega.com\/index.php\/category\/music\/\" rel=\"category tag\">Music<\/a><\/li><li><a href=\"https:\/\/radioformulamega.com\/index.php\/category\/video-stories\/\" rel=\"category tag\">Video stories<\/a>\t\t\t\t\t<\/li>\n\t\t\t\t<\/ul>\n\t\t  \t\t<h2 class=\"qt-title\">\n\t\t\t\t\t<a href=\"https:\/\/radioformulamega.com\/index.php\/2022\/10\/16\/the-music-that-immortalised-90s-subculture\/\" class=\"qt-text-shadow qt-ellipsis-2 qt-t\">\n\t\t\t\t\t\tThe Music That Immortalised 90s Subculture with electronic technologies\t\t\t\t\t<\/a>\n\t\t\t\t<\/h2>\n\t\t\t\t<div class=\"qt-the-content qt-spacer-s small hide-on-med-and-down \">\n\t\t\t\t\t<p class=\"qt-spacer-s qt-text-shadow small qt-ellipsis-2\">\n\t\t\t\t\tThe 90s undoubtedly marked the Golden Age of underground music zines cataloguing subcultural movements. Without an avalanche of Tumblr accounts offering endless information on what your favourite band is wearing, Soundcloud recommendations about who to listen to next, or Twitter documenting your most-loved guitar player\u2019s childhood fear, publications such as the pioneering DIY zine Sniffin\u2019 [&hellip;]\t\t\t\t\t<\/p>\n\t\t\t\t\t<p><a href=\"https:\/\/radioformulamega.com\/index.php\/2022\/10\/16\/the-music-that-immortalised-90s-subculture\/\" class=\"qt-btn qt-btn-l qt-btn-primary \"><i class=\"dripicons-align-justify\"><\/i><\/a><\/p>\n\t\t\t\t<\/div>\n\t\t\t<\/div>\n\t\t<\/div>\n\t\t\t        <div class=\"qt-header-bg\" data-bgimage=\"https:\/\/radioformulamega.com\/wp-content\/uploads\/2022\/11\/ONAIR-DEMO-NEWS-7.jpg\">\n\t            <img decoding=\"async\" width=\"1024\" height=\"539\" src=\"https:\/\/radioformulamega.com\/wp-content\/uploads\/2022\/11\/ONAIR-DEMO-NEWS-7.jpg\" class=\"img-responsive activator wp-post-image\" alt=\"\" \/>\t        <\/div>\n     \t\t<\/div>\n<\/div>\n<!-- POST HERO ITEM END ========================= -->\n\t\t\t\t\t<\/div>\n\t\t\t\t\t\t\t\t<\/div>\n\t\t<\/div>\n\t\t\t\t\t\t<\/div>\n\t\t\t\t<\/div>\n\t\t\t\t\t<\/div>\n\t\t<\/div>\n\t\t\t\t\t<\/div>\n\t\t<\/section>\n\t\t\t\t<\/div>\n\t\t","protected":false},"excerpt":{"rendered":"<p>10 19 Events News Post format World The Subways Tour Diary: Days 6-10 the adventure continues The Subways were kind enough to chronicle their North American tour for us, and we\u2019ll be running their tour diary in several installments this week. Billy Lunn will be our guide, and as he writes, \u201cBecause so much usually [&hellip;]<\/p>\n","protected":false},"author":1,"featured_media":0,"parent":0,"menu_order":0,"comment_status":"closed","ping_status":"closed","template":"archive-grid.php","meta":{"footnotes":""},"class_list":["post-3573","page","type-page","status-publish","hentry"],"_links":{"self":[{"href":"https:\/\/radioformulamega.com\/index.php\/wp-json\/wp\/v2\/pages\/3573","targetHints":{"allow":["GET"]}}],"collection":[{"href":"https:\/\/radioformulamega.com\/index.php\/wp-json\/wp\/v2\/pages"}],"about":[{"href":"https:\/\/radioformulamega.com\/index.php\/wp-json\/wp\/v2\/types\/page"}],"author":[{"embeddable":true,"href":"https:\/\/radioformulamega.com\/index.php\/wp-json\/wp\/v2\/users\/1"}],"replies":[{"embeddable":true,"href":"https:\/\/radioformulamega.com\/index.php\/wp-json\/wp\/v2\/comments?post=3573"}],"version-history":[{"count":1,"href":"https:\/\/radioformulamega.com\/index.php\/wp-json\/wp\/v2\/pages\/3573\/revisions"}],"predecessor-version":[{"id":4406,"href":"https:\/\/radioformulamega.com\/index.php\/wp-json\/wp\/v2\/pages\/3573\/revisions\/4406"}],"wp:attachment":[{"href":"https:\/\/radioformulamega.com\/index.php\/wp-json\/wp\/v2\/media?parent=3573"}],"curies":[{"name":"wp","href":"https:\/\/api.w.org\/{rel}","templated":true}]}}